{"id":36285,"date":"2025-03-30T15:41:29","date_gmt":"2025-03-30T13:41:29","guid":{"rendered":"https:\/\/alphasound.pl\/index.php\/produkt\/modul-audio-dekoder-mercedes-ntg-4-5\/"},"modified":"2026-04-16T08:27:18","modified_gmt":"2026-04-16T06:27:18","slug":"modul-audio-dekoder-mercedes-ntg-4-5","status":"publish","type":"product","link":"https:\/\/alphasound.pl\/index.php\/produkt\/modul-audio-dekoder-mercedes-ntg-4-5\/","title":{"rendered":"Modu\u0142 audio dekoder | MERCEDES NTG 4.5"},"content":{"rendered":"<p style=\"text-align: center; margin: 16px 0px;\"><b>AlphaSound &#8211; Twoja podr\u00f3\u017c, nasz d\u017awi\u0119k.<\/b><\/p>\n<p style=\"text-align: center; margin: 16px 0px;\"><b>Innowacyjny Interfejs CarPlay &#8211; Kompatybilny z iOS oraz Android<\/b><\/p>\n<p style=\"margin: 16px 0px;\">Na tej aukcji oferujemy zestaw CarPlay, kt\u00f3ry jest w pe\u0142ni kompatybilny z systemami iOS oraz Android. Dzi\u0119ki naszemu produktowi mo\u017cesz cieszy\u0107 si\u0119 nowoczesnym interfejsem, kt\u00f3ry integruje si\u0119 z oryginalnym systemem Twojego samochodu, zapewniaj\u0105c wygod\u0119 i funkcjonalno\u015b\u0107.<\/p>\n<p style=\"margin: 16px 0px;\">\n<div style=\"text-align: center;\"><img decoding=\"async\" src=\"https:\/\/upload.cdn.baselinker.com\/products\/1001352\/f5e86fa19cae40824416a580bb83e1df.png\" \/><\/div>\n<div style=\"text-align: center;\">\n<div style=\"text-align: center;\"><img decoding=\"async\" style=\"color: var(--text-color); float: none;\" src=\"https:\/\/upload.cdn.baselinker.com\/products\/1001352\/f554ded85baa9d49c232ce38969b6d7c.png\" \/><span style=\"color: var(--text-color);\"><br \/>\n<\/span><b>______________________________________<\/b><\/div>\n<p>&nbsp;<\/p>\n<div style=\"text-align: center;\"><b>Kompletny Zestaw do Instalacji Modu\u0142u CarPlay i Android Auto<\/b><\/div>\n<p>&nbsp;<\/p>\n<div style=\"text-align: left;\">W zestawie znajduj\u0105 si\u0119 wszystkie potrzebne przewody do poprawnej instalacji wraz z przej\u015bci\u00f3wkami, adapterami (je\u015bli instalacja tego wymaga) i anten\u0105 Bluetooth\/Wi-Fi. Modu\u0142 instaluje si\u0119 pomi\u0119dzy jednostk\u0105 g\u0142\u00f3wn\u0105 a ekranem, wpinany Plug &amp; Play odpowiednim przewodem g\u0142\u00f3wnym z naszego zestawu!<\/div>\n<p>&nbsp;<\/p>\n<div style=\"text-align: center;\"><b>Zachowanie Fabrycznych Funkcji<\/b><\/div>\n<p>&nbsp;<\/p>\n<div style=\"text-align: left;\">Fabryczny system z oryginalnymi funkcjami pozostaje bez zmian &#8211; przytrzymanie przycisku menu lub NAV powoduje zmian\u0119 oryginalnego menu na menu naszego boxa i odwrotnie. Dodatkowo oryginalny system kamery cofania pozostaje bez zmian &#8211; po wrzuceniu biegu wstecznego wy\u015bwietla si\u0119 obraz jak z oryginalnego interfejsu. Je\u015bli nie ma w samochodzie kamer, polecamy domontowa\u0107 np. sam\u0105 tyln\u0105.<\/div>\n<p>&nbsp;<\/p>\n<div style=\"text-align: center;\"><b>Funkcje CarPlay i Android Auto &#8211;\u00a0<\/b><b>bezprzewodowa oraz przewodowa Komunikacja<\/b><\/div>\n<p>&nbsp;<\/p>\n<div style=\"text-align: left;\">System operacyjny ze smartfona bezpo\u015brednio na oryginalnym wy\u015bwietlaczu w samochodzie &#8211; przenosi aplikacje jak Google Maps, Yanosik, YouTube, Spotify, WhatsApp, WeChat i wiele innych. Wpisz w Google &#8222;aplikacje na Android Auto\/Apple CarPlay&#8221; aby pozna\u0107 ich mo\u017cliwo\u015bci!<\/div>\n<p>&nbsp;<\/p>\n<div style=\"text-align: center;\"><b>P\u0142ynne Dzia\u0142anie<\/b><\/div>\n<p>&nbsp;<\/p>\n<div style=\"text-align: left;\">Nasz modu\u0142 posiada jeden rdze\u0144, kt\u00f3ry zapewnia p\u0142ynno\u015b\u0107 dzia\u0142ania. Jest kompatybilny z smartfonami na Androidzie jak i iPhonami. W przypadku Androida prosimy sprawdzi\u0107, czy telefon wspiera funkcj\u0119 Android Auto.<\/div>\n<p>&nbsp;<\/p>\n<div style=\"text-align: center;\"><b>Pe\u0142na Kontrola z Multifunkcyjnej Kierownicy<\/b><\/div>\n<p>&nbsp;<\/p>\n<div style=\"text-align: left;\">Modu\u0142em sterujemy dzi\u0119ki pe\u0142nej kontroli z multifunkcyjnej kierownicy oraz z kontrolera iDrive\/MMI. Posiada funkcj\u0119 Mirror-Link &#8211; czyli udost\u0119pnienie obrazu z telefonu na fabryczny ekran w samochodzie. Klonuje obraz z telefonu i wy\u015bwietla na oryginalnym radiu.<\/div>\n<p>&nbsp;<\/p>\n<div style=\"text-align: center;\"><b>Sterowanie G\u0142osowe<\/b><\/div>\n<p>&nbsp;<\/p>\n<div style=\"text-align: left;\">Modu\u0142 obs\u0142uguje sterowanie g\u0142osowe komendami, takimi jak &#8222;Hey Siri&#8221;. Mo\u017cliwo\u015b\u0107 pod\u0142\u0105czenia niefabrycznej kamery cofania na prz\u00f3d jak i na ty\u0142 pojazdu. Wsp\u00f3\u0142pracuje z fabrycznymi kamerami cofania oraz czujnikami parkowania &#8211; r\u00f3wnie\u017c z kamerami 360\u00b0, obs\u0142ugiwane s\u0105 dynamiczne linie prowadzenia\/linie skr\u0119tne.<\/div>\n<p>&nbsp;<\/p>\n<div style=\"text-align: center;\"><b>Lepsza Jako\u015b\u0107 D\u017awi\u0119ku<\/b><\/div>\n<p>&nbsp;<\/p>\n<div style=\"text-align: left;\">Du\u017co lepsza jako\u015b\u0107 d\u017awi\u0119ku w por\u00f3wnaniu do po\u0142\u0105czenia USB, AUX czy Bluetooth. Dodatkowy port USB w zestawie np. na pendrive z filmami czy muzyk\u0105.<\/div>\n<p>&nbsp;<\/p>\n<div style=\"text-align: center;\"><b>Prosta Instalacja<\/b><\/div>\n<p>&nbsp;<\/p>\n<div style=\"text-align: left;\">Prosta i szybka instalacja Plug&amp;Play, bez konieczno\u015bci przecinania przewod\u00f3w czy lutowania.<\/div>\n<p>&nbsp;<\/p>\n<div style=\"text-align: center;\"><b>Dost\u0119pne dla Wiele Marek<\/b><\/div>\n<p>&nbsp;<\/p>\n<div style=\"text-align: left;\">W ofercie mamy r\u00f3wnie\u017c zestawy do: Alfa Romeo, BMW, Lexus, Mercedes-Benz, Porsche, VW i kilka innych marek!<\/div>\n<p>&nbsp;<\/p>\n<div style=\"text-align: center;\"><b>Jako\u015b\u0107 i Nowoczesno\u015b\u0107<\/b><\/div>\n<p>&nbsp;<\/p>\n<div style=\"text-align: left;\">Nie jeste\u015bmy jedynie sprzedawcami, a r\u00f3wnie\u017c osobami, kt\u00f3re modernizuj\u0105 i tworz\u0105 sprz\u0119t od podstaw! Nasze produkty bazuj\u0105 na komponentach renomowanych firm. Przestrzegamy przed ta\u0144szymi, ale niskiej jako\u015bci alternatywami. W samochodzie sp\u0119dzamy du\u017co czasu, dlatego wa\u017cne jest, aby korzystanie z naszych urz\u0105dze\u0144 by\u0142o przyjemne i bezproblemowe.<\/div>\n<p>&nbsp;<\/p>\n<div>\n<div style=\"text-align: center;\"><b>Proste Prze\u0142\u0105czanie Mi\u0119dzy Systemami<\/b><\/div>\n<p>&nbsp;<\/p>\n<div style=\"text-align: left;\">Po pod\u0142\u0105czeniu modu\u0142u, przytrzymanie przycisku &#8222;Menu&#8221; lub &#8222;Nav&#8221; (lub inne, wymienione w naszej instrukcji zgodnie z modelem samochodu) pozwala na \u0142atwe prze\u0142\u0105czanie si\u0119 mi\u0119dzy interfejsem oryginalnego systemu a modu\u0142u CarPlay.\u00a0<b>Dzi\u0119ki temu u\u017cytkownik mo\u017ce korzysta\u0107 z pe\u0142nej funkcjonalno\u015bci obu system\u00f3w.<\/b><\/div>\n<p>&nbsp;<\/p>\n<div style=\"text-align: center;\"><b>Sterowanie G\u0142osowe<\/b><\/div>\n<p>&nbsp;<\/p>\n<div style=\"text-align: left;\">Modu\u0142 obs\u0142uguje sterowanie g\u0142osowe komendami, takimi jak &#8222;Hey Siri&#8221; czy Asystent Google\u00a0<b>(w Androidzie posiada on polsk\u0105 wersj\u0119 j\u0119zykow\u0105!)<\/b>. Mo\u017cliwo\u015b\u0107 pod\u0142\u0105czenia niefabrycznej kamery cofania na prz\u00f3d jak i na ty\u0142 pojazdu. Wsp\u00f3\u0142pracuje z fabrycznymi kamerami cofania oraz czujnikami parkowania &#8211; r\u00f3wnie\u017c z kamerami 360\u00b0, obs\u0142ugiwane s\u0105 dynamiczne linie prowadzenia\/linie skr\u0119tne.<\/div>\n<p>&nbsp;<\/p>\n<div style=\"text-align: center;\"><b>Bardzo Dobra Jako\u015b\u0107 D\u017awi\u0119ku<\/b><\/div>\n<p>&nbsp;<\/p>\n<div style=\"text-align: left;\">Jako\u015b\u0107 d\u017awi\u0119ku jest jak orygina\u0142 lub lepsza; z uwagi na mocniejsze komponenty ni\u017c np. przetwornik audio w telefonie kom\u00f3rkowym.<\/div>\n<p>&nbsp;<\/p>\n<div style=\"text-align: center;\"><b>Prosta Instalacja<\/b><\/div>\n<p>&nbsp;<\/p>\n<div style=\"text-align: left;\">Prosta i szybka instalacja na zasadach\u00a0<b>Plug &amp; Play,<\/b>\u00a0bez konieczno\u015bci przecinania przewod\u00f3w czy lutowania.<\/div>\n<p>&nbsp;<\/p>\n<div style=\"text-align: center;\"><b>Jako\u015b\u0107 i Nowoczesno\u015b\u0107<\/b><\/div>\n<p>&nbsp;<\/p>\n<div style=\"text-align: left;\">Nie jeste\u015bmy jedynie sprzedawcami, a r\u00f3wnie\u017c osobami, kt\u00f3re modernizuj\u0105 i tworz\u0105 sprz\u0119t od podstaw wiedz\u0105c, \u017ce jako\u015b\u0107 ma swoj\u0105 cen\u0119, a sprz\u0119t nie jest kupowany na p\u00f3\u0142 roku!<\/div>\n<p>&nbsp;<\/p>\n<\/div>\n<div><span style=\"color: #444444; font-family: Open Sans, sans-serif;\">\u00a0<\/span><\/div>\n<div>\n<div style=\"text-align: center;\"><\/div>\n<div style=\"text-align: center;\">\n<p><img decoding=\"async\" src=\"https:\/\/upload.cdn.baselinker.com\/products\/1001352\/625a89be8c79cf6992cf75841fb32924.png\" \/><\/p>\n<div style=\"text-align: center;\"><b>\u00a0<\/b><\/div>\n<div style=\"text-align: center;\"><b>WA\u017bNA INFORMACJA DLA U\u017bYTKOWNIKA:<\/b><\/div>\n<p style=\"text-align: left; margin: 16px 0px;\">Ka\u017cdy modu\u0142 CarPlay dzia\u0142a zero-jedynkowo; czyli albo korzystamy z radia fabrycznego (czyli standardowe radio FM) albo z nowej funkcjnonalno\u015bci. Nie ma fizycznej mo\u017cliwo\u015bci ods\u0142uchiwania radia FM i jednoczesnego odbierania komunikat\u00f3w, np. z nawigacji Google Maps uruchomionej na Apple CarPlay czy Android Auto.<\/p>\n<p style=\"text-align: left; margin: 16px 0px;\">Alternatyw\u0105 dla radia FM s\u0105 r\u00f3\u017cne aplikacje radiowe dost\u0119pne w Internecie, kt\u00f3re wsp\u00f3\u0142pracuj\u0105 z Android Auto i Apple CarPlay.<\/p>\n<p style=\"text-align: left; margin: 16px 0px;\">Tzw.\u00a0<b>radia internetowe oferuj\u0105&#8230; lepsz\u0105 jako\u015b\u0107<\/b>\u00a0i wi\u0119cej ciekawych stacji ani\u017celi ich analogowe (FM) odpowiedniki.<\/p>\n<p style=\"text-align: left; margin: 16px 0px;\">W wielkim skr\u00f3cie: nie ma fizycznej mo\u017cliwo\u015bci ods\u0142uchiwania radia FM i jednoczesnego odbierania komunikat\u00f3w, np. z nawigacji Google Maps uruchomionej na Apple CarPlay czy Android Auto.<\/p>\n<p style=\"text-align: left; margin: 16px 0px;\"><b>POMOCNA INFORMACJA:<\/b>Nie ma fizycznej mo\u017cliwo\u015bci jednoczesnego ods\u0142uchiwania fabrycznego radia FM i komunikat\u00f3w, np. z nawigacji Google Maps. Ka\u017cdy modu\u0142 CarPlay na rynku dzia\u0142a w trybie zero-jedynkowym i z uwagi, \u017ce jest to dodatkowe urz\u0105dzenie; nie mo\u017cna tego fizycznie zmieni\u0107.<\/p>\n<div style=\"text-align: left;\"><b>Rozwi\u0105zanie?<\/b>\u00a0Wykorzystanie aplikacji radii internetowych (odpowiednik\u00f3w radia FM) wsp\u00f3\u0142pracuj\u0105cych z Android Auto oraz Apple CarPlay. Jest kilka \u015bwietnych propozycji, kt\u00f3re pozwalaj\u0105 cieszy\u0107 si\u0119 zar\u00f3wno muzyk\u0105, jak i bezproblemow\u0105 nawigacj\u0105!<\/div>\n<p>&nbsp;<\/p>\n<p style=\"margin: 16px 0px;\"><b>Dedykowany Zestaw CarPlay i Android Auto dla Twojego Samochodu<\/b><\/p>\n<p style=\"margin: 16px 0px;\">Na tej aukcji oferujemy dedykowany komplet pod konkretny model samochodu, zawsze z kompatybilnym okablowaniem i wszystkimi dodatkowymi elementami, aby zapewni\u0107 \u0142atw\u0105 instalacj\u0119 i pe\u0142n\u0105 funkcjonalno\u015b\u0107.<\/p>\n<p style=\"text-align: center; margin: 16px 0px;\"><b>W sk\u0142ad naszego zestawu wchodzi:<\/b><\/p>\n<ul style=\"padding-left: 40px; margin: 16px 0px;\">\n<li style=\"text-align: left;\"><b>Niezb\u0119dne okablowanie<\/b>\u00a0do poprawnego po\u0142\u0105czenia.<\/li>\n<li style=\"text-align: left;\"><b>Antena Wi-Fi\/Bluetooth<\/b>\u00a0zapewniaj\u0105ca stabilne po\u0142\u0105czenie bezprzewodowe.<\/li>\n<li style=\"text-align: left;\"><b>Dodatkowy port USB<\/b>\u00a0do transmisji przewodowej, \u0142adowania telefonu lub podpi\u0119cia pendrive z filmami czy muzyk\u0105<\/li>\n<li style=\"text-align: left;\"><b>Przewody z wej\u015bciem<\/b>\u00a0na nieoryginaln\u0105 kamer\u0119 parkowania ty\u0142 oraz prz\u00f3d (w przypadku kamer nieoryginalnych oczywi\u015bcie dzia\u0142aj\u0105 z naszym urz\u0105dzeniem)<\/li>\n<li style=\"text-align: left;\"><b>Plastiki u\u0142atwiaj\u0105ce demonta\u017c<\/b>\u00a0oryginalnego ekranu\/radia.<\/li>\n<li style=\"text-align: left;\"><b>Karta gwarancyjna na 24 miesi\u0105ce<\/b>\u00a0&#8211; serwis realizowany u nas w firmie.<\/li>\n<li style=\"text-align: left;\"><b>Profesjonalna instrukcja instalacji zawieraj\u0105ca 10 etap\u00f3w krok po kroku poprawnej instalacji.\u00a0<\/b>Dodatkowo tabela z r\u00f3\u017cnego typu konfiguracjami oraz rozwi\u0105zaniami na wszelkie komplikacje spowodowane np. b\u0142\u0119dnym podpi\u0119ciem lub ustawieniem,<\/li>\n<li style=\"text-align: left;\"><b>Lista zaprzyja\u017anionych mechanik\u00f3w<\/b>\u00a0dzia\u0142aj\u0105cych na terenie ca\u0142ej Polski.<\/li>\n<\/ul>\n<p style=\"text-align: center; margin: 16px 0px;\"><b>Zalety naszego zestawu:<\/b><\/p>\n<ol style=\"padding-left: 40px; margin: 16px 0px;\">\n<li style=\"text-align: left;\"><b>Kompleksowo\u015b\u0107<\/b>\u00a0&#8211; Wszystko, czego potrzebujesz do instalacji, jest w zestawie.<\/li>\n<li style=\"text-align: left;\"><b>\u0141atwa instalacja<\/b>\u00a0&#8211; Dedykowane okablowanie i profesjonalna instrukcja krok po kroku.<\/li>\n<li style=\"text-align: left;\"><b>Wsparcie techniczne<\/b>\u00a0&#8211; Pomoc mailowa i telefoniczna oraz lista rekomendowanych mechanik\u00f3w.<\/li>\n<li style=\"text-align: left;\"><b>Gwarancja jako\u015bci<\/b>\u00a0&#8211; 24 miesi\u0105ce gwarancji z serwisem realizowanym bezpo\u015brednio przez nas.<\/li>\n<\/ol>\n<p style=\"margin: 16px 0px;\"><b>______________________________________<\/b><\/p>\n<p style=\"margin: 16px 0px;\">Wybierz nasz dedykowany zestaw multimedialny i ciesz si\u0119 najwy\u017csz\u0105 jako\u015bci\u0105 oraz profesjonalnym wsparciem!<\/p>\n<p style=\"margin: 16px 0px;\">Nasza firma oferuje wyj\u0105tkow\u0105 gwarancj\u0119 na wszystkie produkty dost\u0119pne w tej aukcji. Dbamy o to, aby proces gwarancyjny by\u0142 szybki, prosty i wygodny dla naszych klient\u00f3w. Dlatego w ramach naszej gwarancji:<\/p>\n<p style=\"margin: 16px 0px;\"><b>Zalety naszej gwarancji:<\/b><\/p>\n<ul style=\"padding-left: 40px; margin: 16px 0px;\">\n<li style=\"text-align: left;\"><b>Bez zb\u0119dnych op\u00f3\u017anie\u0144:<\/b>\u00a0Natychmiastowa wymiana uszkodzonego modu\u0142u na nowy.<\/li>\n<li style=\"text-align: left;\"><b>Szanujemy Tw\u00f3j czas:\u00a0<\/b>Brak d\u0142ugotrwa\u0142ych napraw, kt\u00f3re mog\u0105 trwa\u0107 tygodniami.<\/li>\n<li style=\"text-align: left;\"><b>Prosta procedura:<\/b>\u00a0Wystarczy zg\u0142osi\u0107 problem, a my zajmiemy si\u0119 reszt\u0105.<\/li>\n<li style=\"text-align: left;\"><b>Brak ukrytych koszt\u00f3w:\u00a0<\/b>Gwarancja obejmuje pe\u0142n\u0105 wymian\u0119 modu\u0142u bez dodatkowych op\u0142at.<\/li>\n<\/ul>\n<p style=\"margin: 16px 0px;\"><b>Niezawodno\u015b\u0107 naszych produkt\u00f3w.<\/b><\/p>\n<p style=\"margin: 16px 0px;\">Jeste\u015bmy dumni z wysokiej jako\u015bci naszych produkt\u00f3w, co potwierdza ich awaryjno\u015b\u0107 na poziomie mniej ni\u017c 1%.\u00a0<b>Kupuj\u0105c u nas, mo\u017cesz by\u0107 pewien, \u017ce otrzymujesz produkt trwa\u0142y i godny zaufania.<\/b><\/p>\n<p style=\"margin: 16px 0px;\"><b>\u00a0<\/b><\/p>\n<\/div>\n<div style=\"text-align: center;\">\n<p><img decoding=\"async\" src=\"https:\/\/upload.cdn.baselinker.com\/products\/1001352\/1ffaa93902e5aacd5656a90dfbb329b5.png\" \/><\/p>\n<div style=\"text-align: center;\"><img decoding=\"async\" src=\"https:\/\/upload.cdn.baselinker.com\/products\/1001352\/067997a918314789f884c024a16edc28.png\" \/><\/div>\n<\/div>\n<\/div>\n<\/div>\n","protected":false},"excerpt":{"rendered":"<p><span class=\"x3jgonx\" style=\"font-weight: bold;\">Kompatybilno\u015b\u0107: <\/span><\/p>\n<ul>\n<li><span class=\"x3jgonx\">Mercedes A-klasa W176 (2013-2015)<\/span><\/li>\n<li><span class=\"x3jgonx\">Mercedes B-klasa W246 (2013-2015)<\/span><\/li>\n<li><span class=\"x3jgonx\">Mercedes C-klasa W204 (2013-2015)<\/span><\/li>\n<li><span class=\"x3jgonx\">Mercedes E-klasa W212 (2012-2015)<\/span><\/li>\n<li><span class=\"x3jgonx\">Mercedes G-klasa W463 (2013-2017 &#8211; zale\u017cy od wersji)<\/span><\/li>\n<li><span class=\"x3jgonx\">Mercedes GLA-klasa X156 (2013-2015)<\/span><\/li>\n<li><span class=\"x3jgonx\">Mercedes SL-klasa R231 (2013-2015)<\/span><\/li>\n<li><span class=\"x3jgonx\">Mercedes GLE-klasa W166 (2013-2015)<\/span><\/li>\n<li><span class=\"x3jgonx\">Mercedes ML-klasa W166 (2013-2015)<\/span><\/li>\n<li><span class=\"x3jgonx\">Mercedes-Benz KLASA GL X166 (2013-2015)<\/span><\/li>\n<li><span class=\"x3jgonx\">Mercedes GT C190\/R190 (2015-2017)<\/span><\/li>\n<li><span class=\"x3jgonx\">Mercedes GLK-klasa X204 (2013-2015)<\/span><\/li>\n<li><span class=\"x3jgonx\">Mercedes SLK-klasa R172\/171 (2011-2015)<\/span><\/li>\n<\/ul>\n<p><span class=\"x3jgonx\"><b>NTG 4.5 WA\u017bNE:<\/b> roczniki mog\u0105 nieznacznie si\u0119 r\u00f3\u017cni\u0107 +\/- 1 rok, wa\u017cne aby fabryczny system by\u0142 systemem 4.5 &#8211; wtedy zestaw jak najbardziej jest kompatybilny.<\/span><\/p>\n<p><span class=\"x3jgonx\"><b>UWAGA #1:<\/b> nie ma fizycznej mo\u017cliwo\u015bci ods\u0142uchiwania radia FM i komunikat\u00f3w np. z nawigacji Google Maps jednocze\u015bnie. Ka\u017cdy modu\u0142 CarPlay dzia\u0142a zero-jedynkowo, odpowiedzi\u0105 s\u0105 wszelkiego rodzaju aplikacje radi\u00f3w internetowych (odpowiedniki radia FM) wsp\u00f3\u0142pracuj\u0105ce z Android Auto i Apple CarPlay).<\/span><\/p>\n<p><span class=\"x3jgonx\"><b>UWAGA #2: <\/b>je\u015bli w samochodzie jest tylko USB, a nie ma MMI ani AUX to nale\u017cy zakodowa\u0107 funkcj\u0119 AUX i dokupi\u0107 adapter\/przew\u00f3d \u201cAUX Mercedes\u201d. Kodowaniem zajmuje si\u0119 wysy\u0142kowo jedna z firm, do kt\u00f3rej podajemy namiary po zakupie (koszt na 2024 to 200\/250 z\u0142) Jest to spowodowane tym, \u017ce USB fabryczny nie mo\u017ce transmitowa\u0107 d\u017awi\u0119ku w transmisji ci\u0105g\u0142ej, a tylko po podpi\u0119ciu pendrive.<\/span><\/p>\n","protected":false},"featured_media":36284,"template":"","meta":[],"product_brand":[],"product_cat":[953,945,941,943,956,970,964,967,974,972,940,951,977,966,949,976,969,968,959,961,962,960,963,965,971,973,975,115],"product_tag":[],"class_list":{"0":"post-36285","1":"product","2":"type-product","3":"status-publish","4":"has-post-thumbnail","6":"product_cat-a-klasa","7":"product_cat-b-klasa","8":"product_cat-c-klasa","9":"product_cat-e-klasa","10":"product_cat-g-klasa","11":"product_cat-gl-klasa","12":"product_cat-gla-klasa","13":"product_cat-gle-klasa","14":"product_cat-glk-klasa","15":"product_cat-gt","16":"product_cat-mercedes","17":"product_cat-ml-klasa","18":"product_cat-r172-171-2011-2015","19":"product_cat-r231-2013-2015","20":"product_cat-sl-klasa","21":"product_cat-slk-klasa","22":"product_cat-w166-2013-2015-ml-klasa","23":"product_cat-w166-2013-2015","24":"product_cat-w176-2013-2015","25":"product_cat-w204-2013-2015","26":"product_cat-w212-2012-2015","27":"product_cat-w246-2013-2015","28":"product_cat-w463-2013-2017-zalezy-od-wersji","29":"product_cat-x156-2013-2015","30":"product_cat-x166-2013-2015","31":"product_cat-x166-2013-2015-gt","32":"product_cat-x204-2013-2015","33":"product_cat-moduly-carplay","35":"first","36":"instock","37":"taxable","38":"shipping-taxable","39":"purchasable","40":"product-type-simple"},"_links":{"self":[{"href":"https:\/\/alphasound.pl\/index.php\/wp-json\/wp\/v2\/product\/36285","targetHints":{"allow":["GET"]}}],"collection":[{"href":"https:\/\/alphasound.pl\/index.php\/wp-json\/wp\/v2\/product"}],"about":[{"href":"https:\/\/alphasound.pl\/index.php\/wp-json\/wp\/v2\/types\/product"}],"wp:featuredmedia":[{"embeddable":true,"href":"https:\/\/alphasound.pl\/index.php\/wp-json\/wp\/v2\/media\/36284"}],"wp:attachment":[{"href":"https:\/\/alphasound.pl\/index.php\/wp-json\/wp\/v2\/media?parent=36285"}],"wp:term":[{"taxonomy":"product_brand","embeddable":true,"href":"https:\/\/alphasound.pl\/index.php\/wp-json\/wp\/v2\/product_brand?post=36285"},{"taxonomy":"product_cat","embeddable":true,"href":"https:\/\/alphasound.pl\/index.php\/wp-json\/wp\/v2\/product_cat?post=36285"},{"taxonomy":"product_tag","embeddable":true,"href":"https:\/\/alphasound.pl\/index.php\/wp-json\/wp\/v2\/product_tag?post=36285"}],"curies":[{"name":"wp","href":"https:\/\/api.w.org\/{rel}","templated":true}]}}